{"id":506,"date":"2025-05-15T09:03:59","date_gmt":"2025-05-15T09:03:59","guid":{"rendered":"https:\/\/language-rights.org\/?page_id=506"},"modified":"2026-04-23T10:42:05","modified_gmt":"2026-04-23T10:42:05","slug":"donacions","status":"publish","type":"page","link":"https:\/\/language-rights.org\/index.php\/donacions\/","title":{"rendered":"Donacions"},"content":{"rendered":"\n<div class=\"wp-block-group alignfull has-global-padding is-layout-constrained wp-container-core-group-is-layout-490fa1db wp-block-group-is-layout-constrained\" style=\"padding-top:var(--wp--preset--spacing--50);padding-right:var(--wp--preset--spacing--50);padding-bottom:var(--wp--preset--spacing--50);padding-left:var(--wp--preset--spacing--50)\">\n<div class=\"wp-block-group has-global-padding is-layout-constrained wp-container-core-group-is-layout-650790e1 wp-block-group-is-layout-constrained\">\n<h1 class=\"wp-block-heading has-text-align-center has-x-large-font-size\">Gr\u00e0cies pel vostre suport<\/h1>\n\n\n\n<div style=\"height:40px\" aria-hidden=\"true\" class=\"wp-block-spacer\"><\/div>\n\n\n\n<div class=\"wp-block-buttons is-content-justification-center is-layout-flex wp-container-core-buttons-is-layout-a89b3969 wp-block-buttons-is-layout-flex\">\n<div class=\"wp-block-button has-custom-width wp-block-button__width-75\"><a class=\"wp-block-button__link wp-element-button\">IBAN CH76 0078 8000 0506 7303 2<\/a><\/div>\n<\/div>\n\n\n\n<p class=\"has-text-align-center\"><br><\/p>\n\n\n\n<p class=\"has-text-align-center\">Ben aviat podreu fer donacions online, de moment podeu fer aportacions per transfer\u00e8ncia banc\u00e0ria al nostre compte de la Banque Cantonale de Gen\u00e8ve.<br><\/p>\n\n\n\n<p><\/p>\n\n\n\n<p class=\"has-text-align-center\">Treballem per conscienciar sobre la import\u00e0ncia de la llengua com a eina de coneixement, hist\u00f2ria, i respecte. Treballem perqu\u00e8 poguem fer servir les paraules amb les que ens parlem a nosaltres mateixos&nbsp; a tots els \u00e0mbits de la vida personal, professional i p\u00fablica.&nbsp; <br><br>Amb la vostra donaci\u00f3 podem seguir amb la nostra tasca en favor de la llibertat i els drets humans i ling\u00fc\u00edstics. Gr\u00e0cies.<\/p>\n\n\n\n<div style=\"height:1.25rem\" aria-hidden=\"true\" class=\"wp-block-spacer\"><\/div>\n<\/div>\n<\/div>\n\n\n\n<div class=\"wp-block-group alignfull has-base-color has-contrast-background-color has-text-color has-background has-global-padding is-layout-constrained wp-container-core-group-is-layout-ef3d885c wp-block-group-is-layout-constrained\" style=\"margin-top:0;margin-bottom:0;padding-top:var(--wp--preset--spacing--60);padding-right:var(--wp--preset--spacing--60);padding-bottom:var(--wp--preset--spacing--60);padding-left:var(--wp--preset--spacing--60)\">\n<div class=\"wp-block-group has-global-padding is-layout-constrained wp-block-group-is-layout-constrained\">\n<p class=\"has-text-align-center has-base-color has-text-color has-heading-font-family has-x-large-font-size\" style=\"line-height:1.2\"><em>\u201cEls l\u00edmits de la meva llengua s\u00f3n els l\u00edmits del meu m\u00f3n\u201d<\/em><\/p>\n\n\n\n<div style=\"height:var(--wp--preset--spacing--10)\" aria-hidden=\"true\" class=\"wp-block-spacer\"><\/div>\n\n\n\n<div class=\"wp-block-group is-vertical is-content-justification-center is-nowrap is-layout-flex wp-container-core-group-is-layout-2dc08cea wp-block-group-is-layout-flex\">\n\n\n<p class=\"has-text-align-center\" style=\"margin-top:var(--wp--preset--spacing--10);margin-bottom:0\">Ludwig Wittgenstein<\/p>\n\n\n\n<p class=\"has-text-align-center has-contrast-3-color has-text-color has-small-font-size\" style=\"font-style:normal;font-weight:300\">Fil\u00f2sof i matem\u00e0tic<\/p>\n<\/div>\n<\/div>\n<\/div>\n\n\n\n<p><\/p>\n","protected":false},"excerpt":{"rendered":"<p>Gr\u00e0cies pel vostre suport Ben aviat podreu fer donacions online, de moment podeu fer aportacions per transfer\u00e8ncia banc\u00e0ria al nostre compte de la Banque Cantonale de Gen\u00e8ve. Treballem per conscienciar sobre la import\u00e0ncia de la llengua com a eina de coneixement, hist\u00f2ria, i respecte. Treballem perqu\u00e8 poguem fer servir les paraules amb les que ens [&hellip;]<\/p>\n","protected":false},"author":3,"featured_media":0,"parent":0,"menu_order":0,"comment_status":"closed","ping_status":"closed","template":"","meta":{"footnotes":""},"class_list":["post-506","page","type-page","status-publish","hentry"],"yoast_head":"<!-- This site is optimized with the Yoast SEO plugin v27.5 - https:\/\/yoast.com\/product\/yoast-seo-wordpress\/ -->\n<title>Donacions - Language Rights<\/title>\n<meta name=\"robots\" content=\"index, follow, max-snippet:-1, max-image-preview:large, max-video-preview:-1\" \/>\n<link rel=\"canonical\" href=\"https:\/\/language-rights.org\/index.php\/donacions\/\" \/>\n<meta property=\"og:locale\" content=\"en_US\" \/>\n<meta property=\"og:type\" content=\"article\" \/>\n<meta property=\"og:title\" content=\"Donacions - Language Rights\" \/>\n<meta property=\"og:description\" content=\"Gr\u00e0cies pel vostre suport Ben aviat podreu fer donacions online, de moment podeu fer aportacions per transfer\u00e8ncia banc\u00e0ria al nostre compte de la Banque Cantonale de Gen\u00e8ve. Treballem per conscienciar sobre la import\u00e0ncia de la llengua com a eina de coneixement, hist\u00f2ria, i respecte. Treballem perqu\u00e8 poguem fer servir les paraules amb les que ens [&hellip;]\" \/>\n<meta property=\"og:url\" content=\"https:\/\/language-rights.org\/index.php\/donacions\/\" \/>\n<meta property=\"og:site_name\" content=\"Language Rights\" \/>\n<meta property=\"article:modified_time\" content=\"2026-04-23T10:42:05+00:00\" \/>\n<meta name=\"twitter:card\" content=\"summary_large_image\" \/>\n<meta name=\"twitter:label1\" content=\"Est. reading time\" \/>\n\t<meta name=\"twitter:data1\" content=\"1 minute\" \/>\n<script type=\"application\/ld+json\" class=\"yoast-schema-graph\">{\"@context\":\"https:\\\/\\\/schema.org\",\"@graph\":[{\"@type\":\"WebPage\",\"@id\":\"https:\\\/\\\/language-rights.org\\\/index.php\\\/donacions\\\/\",\"url\":\"https:\\\/\\\/language-rights.org\\\/index.php\\\/donacions\\\/\",\"name\":\"Donacions - Language Rights\",\"isPartOf\":{\"@id\":\"https:\\\/\\\/language-rights.org\\\/#website\"},\"datePublished\":\"2025-05-15T09:03:59+00:00\",\"dateModified\":\"2026-04-23T10:42:05+00:00\",\"breadcrumb\":{\"@id\":\"https:\\\/\\\/language-rights.org\\\/index.php\\\/donacions\\\/#breadcrumb\"},\"inLanguage\":\"en-US\",\"potentialAction\":[{\"@type\":\"ReadAction\",\"target\":[\"https:\\\/\\\/language-rights.org\\\/index.php\\\/donacions\\\/\"]}]},{\"@type\":\"BreadcrumbList\",\"@id\":\"https:\\\/\\\/language-rights.org\\\/index.php\\\/donacions\\\/#breadcrumb\",\"itemListElement\":[{\"@type\":\"ListItem\",\"position\":1,\"name\":\"Home\",\"item\":\"https:\\\/\\\/language-rights.org\\\/\"},{\"@type\":\"ListItem\",\"position\":2,\"name\":\"Donacions\"}]},{\"@type\":\"WebSite\",\"@id\":\"https:\\\/\\\/language-rights.org\\\/#website\",\"url\":\"https:\\\/\\\/language-rights.org\\\/\",\"name\":\"Language Rights\",\"description\":\"Language Rights are Human Rights\",\"potentialAction\":[{\"@type\":\"SearchAction\",\"target\":{\"@type\":\"EntryPoint\",\"urlTemplate\":\"https:\\\/\\\/language-rights.org\\\/?s={search_term_string}\"},\"query-input\":{\"@type\":\"PropertyValueSpecification\",\"valueRequired\":true,\"valueName\":\"search_term_string\"}}],\"inLanguage\":\"en-US\"}]}<\/script>\n<!-- \/ Yoast SEO plugin. -->","yoast_head_json":{"title":"Donacions - Language Rights","robots":{"index":"index","follow":"follow","max-snippet":"max-snippet:-1","max-image-preview":"max-image-preview:large","max-video-preview":"max-video-preview:-1"},"canonical":"https:\/\/language-rights.org\/index.php\/donacions\/","og_locale":"en_US","og_type":"article","og_title":"Donacions - Language Rights","og_description":"Gr\u00e0cies pel vostre suport Ben aviat podreu fer donacions online, de moment podeu fer aportacions per transfer\u00e8ncia banc\u00e0ria al nostre compte de la Banque Cantonale de Gen\u00e8ve. Treballem per conscienciar sobre la import\u00e0ncia de la llengua com a eina de coneixement, hist\u00f2ria, i respecte. Treballem perqu\u00e8 poguem fer servir les paraules amb les que ens [&hellip;]","og_url":"https:\/\/language-rights.org\/index.php\/donacions\/","og_site_name":"Language Rights","article_modified_time":"2026-04-23T10:42:05+00:00","twitter_card":"summary_large_image","twitter_misc":{"Est. reading time":"1 minute"},"schema":{"@context":"https:\/\/schema.org","@graph":[{"@type":"WebPage","@id":"https:\/\/language-rights.org\/index.php\/donacions\/","url":"https:\/\/language-rights.org\/index.php\/donacions\/","name":"Donacions - Language Rights","isPartOf":{"@id":"https:\/\/language-rights.org\/#website"},"datePublished":"2025-05-15T09:03:59+00:00","dateModified":"2026-04-23T10:42:05+00:00","breadcrumb":{"@id":"https:\/\/language-rights.org\/index.php\/donacions\/#breadcrumb"},"inLanguage":"en-US","potentialAction":[{"@type":"ReadAction","target":["https:\/\/language-rights.org\/index.php\/donacions\/"]}]},{"@type":"BreadcrumbList","@id":"https:\/\/language-rights.org\/index.php\/donacions\/#breadcrumb","itemListElement":[{"@type":"ListItem","position":1,"name":"Home","item":"https:\/\/language-rights.org\/"},{"@type":"ListItem","position":2,"name":"Donacions"}]},{"@type":"WebSite","@id":"https:\/\/language-rights.org\/#website","url":"https:\/\/language-rights.org\/","name":"Language Rights","description":"Language Rights are Human Rights","potentialAction":[{"@type":"SearchAction","target":{"@type":"EntryPoint","urlTemplate":"https:\/\/language-rights.org\/?s={search_term_string}"},"query-input":{"@type":"PropertyValueSpecification","valueRequired":true,"valueName":"search_term_string"}}],"inLanguage":"en-US"}]}},"_links":{"self":[{"href":"https:\/\/language-rights.org\/index.php\/wp-json\/wp\/v2\/pages\/506","targetHints":{"allow":["GET"]}}],"collection":[{"href":"https:\/\/language-rights.org\/index.php\/wp-json\/wp\/v2\/pages"}],"about":[{"href":"https:\/\/language-rights.org\/index.php\/wp-json\/wp\/v2\/types\/page"}],"author":[{"embeddable":true,"href":"https:\/\/language-rights.org\/index.php\/wp-json\/wp\/v2\/users\/3"}],"replies":[{"embeddable":true,"href":"https:\/\/language-rights.org\/index.php\/wp-json\/wp\/v2\/comments?post=506"}],"version-history":[{"count":4,"href":"https:\/\/language-rights.org\/index.php\/wp-json\/wp\/v2\/pages\/506\/revisions"}],"predecessor-version":[{"id":680,"href":"https:\/\/language-rights.org\/index.php\/wp-json\/wp\/v2\/pages\/506\/revisions\/680"}],"wp:attachment":[{"href":"https:\/\/language-rights.org\/index.php\/wp-json\/wp\/v2\/media?parent=506"}],"curies":[{"name":"wp","href":"https:\/\/api.w.org\/{rel}","templated":true}]}}