{"id":656,"date":"2026-04-20T07:31:47","date_gmt":"2026-04-20T07:31:47","guid":{"rendered":"https:\/\/language-rights.org\/?page_id=656"},"modified":"2026-04-20T07:31:47","modified_gmt":"2026-04-20T07:31:47","slug":"transparencia","status":"publish","type":"page","link":"https:\/\/language-rights.org\/index.php\/transparencia\/","title":{"rendered":"Transpar\u00e8ncia"},"content":{"rendered":"\n<div style=\"height:49px\" aria-hidden=\"true\" class=\"wp-block-spacer\"><\/div>\n\n\n\n<p><strong>Language Rights<\/strong> posa a disposici\u00f3 p\u00fablica informacions d\u2019inter\u00e8s ciutad\u00e0 relatives a la instituci\u00f3 en compliment de la Llei 19\/2014, del 29 de desembre, de transpar\u00e8ncia, acc\u00e9s a la informaci\u00f3 p\u00fablica i bon govern. <\/p>\n\n\n\n<p><\/p>\n\n\n\n<p>Aquesta llei d\u00f3na resposta a la demanda social que exigeix una major transpar\u00e8ncia sobre el funcionament de les administracions, incloent-hi el reconeixement d\u2019un dret ampli d\u2019acc\u00e9s a la informaci\u00f3 p\u00fablica.<\/p>\n\n\n\n<p><\/p>\n\n\n\n<ul class=\"wp-block-list\">\n<li><a href=\"https:\/\/language-rights.org\/index.php\/qui-som\/\">Organitzaci\u00f3<\/a><\/li>\n\n\n\n<li><a href=\"https:\/\/language-rights.org\/wp-content\/uploads\/2026\/04\/20180709_LANGUAGE_RIGHTS_Statuts.pdf\" target=\"_blank\" rel=\"noreferrer noopener\">Estatuts<\/a><\/li>\n\n\n\n<li><a href=\"https:\/\/language-rights.org\/index.php\/memoria\/\">Mem\u00f2ries<\/a><\/li>\n<\/ul>\n\n\n\n<p><\/p>\n","protected":false},"excerpt":{"rendered":"<p>Language Rights posa a disposici\u00f3 p\u00fablica informacions d\u2019inter\u00e8s ciutad\u00e0 relatives a la instituci\u00f3 en compliment de la Llei 19\/2014, del 29 de desembre, de transpar\u00e8ncia, acc\u00e9s a la informaci\u00f3 p\u00fablica i bon govern. Aquesta llei d\u00f3na resposta a la demanda social que exigeix una major transpar\u00e8ncia sobre el funcionament de les administracions, incloent-hi el reconeixement [&hellip;]<\/p>\n","protected":false},"author":4,"featured_media":0,"parent":0,"menu_order":0,"comment_status":"closed","ping_status":"closed","template":"","meta":{"footnotes":""},"class_list":["post-656","page","type-page","status-publish","hentry"],"yoast_head":"<!-- This site is optimized with the Yoast SEO plugin v27.5 - https:\/\/yoast.com\/product\/yoast-seo-wordpress\/ -->\n<title>Transpar\u00e8ncia - Language Rights<\/title>\n<meta name=\"robots\" content=\"index, follow, max-snippet:-1, max-image-preview:large, max-video-preview:-1\" \/>\n<link rel=\"canonical\" href=\"https:\/\/language-rights.org\/index.php\/transparencia\/\" \/>\n<meta property=\"og:locale\" content=\"en_US\" \/>\n<meta property=\"og:type\" content=\"article\" \/>\n<meta property=\"og:title\" content=\"Transpar\u00e8ncia - Language Rights\" \/>\n<meta property=\"og:description\" content=\"Language Rights posa a disposici\u00f3 p\u00fablica informacions d\u2019inter\u00e8s ciutad\u00e0 relatives a la instituci\u00f3 en compliment de la Llei 19\/2014, del 29 de desembre, de transpar\u00e8ncia, acc\u00e9s a la informaci\u00f3 p\u00fablica i bon govern. Aquesta llei d\u00f3na resposta a la demanda social que exigeix una major transpar\u00e8ncia sobre el funcionament de les administracions, incloent-hi el reconeixement [&hellip;]\" \/>\n<meta property=\"og:url\" content=\"https:\/\/language-rights.org\/index.php\/transparencia\/\" \/>\n<meta property=\"og:site_name\" content=\"Language Rights\" \/>\n<meta name=\"twitter:card\" content=\"summary_large_image\" \/>\n<script type=\"application\/ld+json\" class=\"yoast-schema-graph\">{\"@context\":\"https:\\\/\\\/schema.org\",\"@graph\":[{\"@type\":\"WebPage\",\"@id\":\"https:\\\/\\\/language-rights.org\\\/index.php\\\/transparencia\\\/\",\"url\":\"https:\\\/\\\/language-rights.org\\\/index.php\\\/transparencia\\\/\",\"name\":\"Transpar\u00e8ncia - Language Rights\",\"isPartOf\":{\"@id\":\"https:\\\/\\\/language-rights.org\\\/#website\"},\"datePublished\":\"2026-04-20T07:31:47+00:00\",\"breadcrumb\":{\"@id\":\"https:\\\/\\\/language-rights.org\\\/index.php\\\/transparencia\\\/#breadcrumb\"},\"inLanguage\":\"en-US\",\"potentialAction\":[{\"@type\":\"ReadAction\",\"target\":[\"https:\\\/\\\/language-rights.org\\\/index.php\\\/transparencia\\\/\"]}]},{\"@type\":\"BreadcrumbList\",\"@id\":\"https:\\\/\\\/language-rights.org\\\/index.php\\\/transparencia\\\/#breadcrumb\",\"itemListElement\":[{\"@type\":\"ListItem\",\"position\":1,\"name\":\"Home\",\"item\":\"https:\\\/\\\/language-rights.org\\\/\"},{\"@type\":\"ListItem\",\"position\":2,\"name\":\"Transpar\u00e8ncia\"}]},{\"@type\":\"WebSite\",\"@id\":\"https:\\\/\\\/language-rights.org\\\/#website\",\"url\":\"https:\\\/\\\/language-rights.org\\\/\",\"name\":\"Language Rights\",\"description\":\"Language Rights are Human Rights\",\"potentialAction\":[{\"@type\":\"SearchAction\",\"target\":{\"@type\":\"EntryPoint\",\"urlTemplate\":\"https:\\\/\\\/language-rights.org\\\/?s={search_term_string}\"},\"query-input\":{\"@type\":\"PropertyValueSpecification\",\"valueRequired\":true,\"valueName\":\"search_term_string\"}}],\"inLanguage\":\"en-US\"}]}<\/script>\n<!-- \/ Yoast SEO plugin. -->","yoast_head_json":{"title":"Transpar\u00e8ncia - Language Rights","robots":{"index":"index","follow":"follow","max-snippet":"max-snippet:-1","max-image-preview":"max-image-preview:large","max-video-preview":"max-video-preview:-1"},"canonical":"https:\/\/language-rights.org\/index.php\/transparencia\/","og_locale":"en_US","og_type":"article","og_title":"Transpar\u00e8ncia - Language Rights","og_description":"Language Rights posa a disposici\u00f3 p\u00fablica informacions d\u2019inter\u00e8s ciutad\u00e0 relatives a la instituci\u00f3 en compliment de la Llei 19\/2014, del 29 de desembre, de transpar\u00e8ncia, acc\u00e9s a la informaci\u00f3 p\u00fablica i bon govern. Aquesta llei d\u00f3na resposta a la demanda social que exigeix una major transpar\u00e8ncia sobre el funcionament de les administracions, incloent-hi el reconeixement [&hellip;]","og_url":"https:\/\/language-rights.org\/index.php\/transparencia\/","og_site_name":"Language Rights","twitter_card":"summary_large_image","schema":{"@context":"https:\/\/schema.org","@graph":[{"@type":"WebPage","@id":"https:\/\/language-rights.org\/index.php\/transparencia\/","url":"https:\/\/language-rights.org\/index.php\/transparencia\/","name":"Transpar\u00e8ncia - Language Rights","isPartOf":{"@id":"https:\/\/language-rights.org\/#website"},"datePublished":"2026-04-20T07:31:47+00:00","breadcrumb":{"@id":"https:\/\/language-rights.org\/index.php\/transparencia\/#breadcrumb"},"inLanguage":"en-US","potentialAction":[{"@type":"ReadAction","target":["https:\/\/language-rights.org\/index.php\/transparencia\/"]}]},{"@type":"BreadcrumbList","@id":"https:\/\/language-rights.org\/index.php\/transparencia\/#breadcrumb","itemListElement":[{"@type":"ListItem","position":1,"name":"Home","item":"https:\/\/language-rights.org\/"},{"@type":"ListItem","position":2,"name":"Transpar\u00e8ncia"}]},{"@type":"WebSite","@id":"https:\/\/language-rights.org\/#website","url":"https:\/\/language-rights.org\/","name":"Language Rights","description":"Language Rights are Human Rights","potentialAction":[{"@type":"SearchAction","target":{"@type":"EntryPoint","urlTemplate":"https:\/\/language-rights.org\/?s={search_term_string}"},"query-input":{"@type":"PropertyValueSpecification","valueRequired":true,"valueName":"search_term_string"}}],"inLanguage":"en-US"}]}},"_links":{"self":[{"href":"https:\/\/language-rights.org\/index.php\/wp-json\/wp\/v2\/pages\/656","targetHints":{"allow":["GET"]}}],"collection":[{"href":"https:\/\/language-rights.org\/index.php\/wp-json\/wp\/v2\/pages"}],"about":[{"href":"https:\/\/language-rights.org\/index.php\/wp-json\/wp\/v2\/types\/page"}],"author":[{"embeddable":true,"href":"https:\/\/language-rights.org\/index.php\/wp-json\/wp\/v2\/users\/4"}],"replies":[{"embeddable":true,"href":"https:\/\/language-rights.org\/index.php\/wp-json\/wp\/v2\/comments?post=656"}],"version-history":[{"count":1,"href":"https:\/\/language-rights.org\/index.php\/wp-json\/wp\/v2\/pages\/656\/revisions"}],"predecessor-version":[{"id":658,"href":"https:\/\/language-rights.org\/index.php\/wp-json\/wp\/v2\/pages\/656\/revisions\/658"}],"wp:attachment":[{"href":"https:\/\/language-rights.org\/index.php\/wp-json\/wp\/v2\/media?parent=656"}],"curies":[{"name":"wp","href":"https:\/\/api.w.org\/{rel}","templated":true}]}}